{"id":23913,"date":"2019-03-27T10:19:14","date_gmt":"2019-03-27T08:19:14","guid":{"rendered":"http:\/\/nitorlack.nitorlack.com\/barniz\/sincategorizar\/nitorlack-relic-gloss\/"},"modified":"2025-03-02T18:28:04","modified_gmt":"2025-03-02T16:28:04","slug":"nitorlack-relic-gloss","status":"publish","type":"product","link":"https:\/\/nitorlack.nitorlack.com\/it\/barniz\/finiture\/nitrocellulosa-it-4\/nitorlack-relic-gloss\/","title":{"rendered":"NITORLACK RELIC GLOSS"},"content":{"rendered":"<div class=\"wpb-content-wrapper\"><p>[vc_row][vc_column][vc_column_text]<\/p>\n<h3>Processo di verniciatura:<\/h3>\n<ul>\n<li>Se il legno della chitarra arriva senza una precedente verniciatura, dovremo chiudere\u00a0completamente il poro\u00a0e coprire le venature del legno, fino a lasciarlo completamente liscio, utilizzando per questo diverse 4-6 mani di\u00a0<a href=\"https:\/\/nitorlack.nitorlack.com\/it\/barniz\/sigillantis\/nitrocellulosa-it-5\/nitorlack-primer-2\/\">Nitorlack Primer<\/a> (Nitro Primer).<\/li>\n<li>Tuttavia, se il corpo della chitarra \u00e8 gi\u00e0 stato verniciato in precedenza, sar\u00e0 pi\u00f9 facile perch\u00e9 baster\u00e0 carteggiare e applicare un sottile strato di primer Nitorlack.<\/li>\n<li>Applicare il colore scelto, carteggiando tra una mano e l&#8217;altra per lasciare la superficie uniforme e senza imperfezioni.<\/li>\n<li>Iniziamo ad applicare la finitura relic in strati sottili<\/li>\n<li>Dopo questo processo si possono applicare due o tre mani sottili di Nitrocellulose Relic, carteggiando tra una mano e l&#8217;altra fino a coprire la superficie.<\/li>\n<li>Il procedimento fino a questo punto \u00e8 lo stesso utilizzato con il <a href=\"https:\/\/nitorlack.nitorlack.com\/it\/barniz\/finiture\/nitrocellulosa-it-4\/nitorlack-lacquer-gloss-2\/\">Lacquer Gloss<\/a>.<\/li>\n<li>Pu\u00f2 essere lucidato prima di iniziare a rompere la nitro.<\/li>\n<li>Aspettiamo circa 15 giorni prima di iniziare la seconda fase:<\/li>\n<\/ul>\n<h3>Processo di relic:<\/h3>\n<ul>\n<li style=\"list-style-type: none\">\n<ul>\n<li>Abbiamo messo la chitarra a una temperatura compresa tra -10 e -20 gradi Celsius, a intervalli di 4 ore.<\/li>\n<li>Appena la chitarra esce dal freddo, presenta delle crepe trasparenti, quindi applichiamo <a href=\"https:\/\/nitorlack.nitorlack.com\/it\/barniz\/accesori\/relic-patina-it\/relic-patina\/\">la PATINA RELIC<\/a> con un panno e la puliamo, lasciando solo ci\u00f2 che rimane all&#8217;interno delle crepe.<\/li>\n<li>Il prodotto deve essere rimosso entro <strong>3-5 minuti<\/strong> dall&#8217;applicazione. In questo modo sar\u00e0 pi\u00f9 facile rimuovere l&#8217;eccesso, poich\u00e9 non si sar\u00e0 asciugato completamente.<\/li>\n<li>Lasciare la chitarra a temperatura ambiente per 4-6 ore.<\/li>\n<li>\u00c8 possibile ripetere il processo di patinatura a freddo e di patinatura a reliquia quante volte si vuole. Pi\u00f9 volte lo si fa, pi\u00f9 la patina sar\u00e0 pronunciata, ma da 4 a 6 volte dovrebbe essere sufficiente.<\/li>\n<\/ul>\n<\/li>\n<\/ul>\n<p>&nbsp;<\/p>\n<p><strong>Importante:<\/strong> Lo spray \u00e8 pronto per l&#8217;applicazione diretta. Tuttavia, la bomboletta da 1 litro deve essere combinata con il 40% di <a href=\"https:\/\/nitorlack.nitorlack.com\/it\/barniz\/finiture\/nitrocellulosa-it-4\/nitorlack-lacquer-gloss-2\/\">Lacquer gloss<\/a> e il 10-15% di <a href=\"https:\/\/nitorlack.nitorlack.com\/barniz\/disolventes\/disolventes-2\/solvent-nitorlack\/\">solvente<\/a>, per ottenere una screpolatura meno &#8220;aggressiva&#8221;. Pi\u00f9 alto \u00e8 il rapporto Relic, pi\u00f9 pronunciata e profonda sar\u00e0 la screpolatura.<\/p>\n<p>Con la garanzia di <a href=\"https:\/\/valresa.com\/\">Valresa Coatings S.A<\/a>.[\/vc_column_text][\/vc_column][\/vc_row][vc_row content_placement=&#8221;middle&#8221;][vc_column][vc_column_text]<\/p>\n<h2 style=\"text-align: center;\">#mynitorlack<\/h2>\n<p>&nbsp;<\/p>\n<h3 style=\"text-align: center;\">Condividete il vostro lavoro sui social media utilizzando il nostro hashtag<\/h3>\n<p>[\/vc_column_text][\/vc_column][\/vc_row][vc_row][vc_column][vc_raw_html]W0Jlc3RfV29yZHByZXNzX0dhbGxlcnkgaWQ9IjIiXQ==[\/vc_raw_html][\/vc_column][\/vc_row]<\/p>\n<\/div>","protected":false},"excerpt":{"rendered":"<p><b>Nitrocellulosa altamente rigida, che pu\u00f2 essere utilizzata per ottenere diversi tipi di screpolature sulla superficie della chitarra.<\/b><\/p>\n<p>Permette di ottenere il quartetto in modo semplice, ottenendo il tipico effetto vintage degli anni &#8217;60 tipico delle chitarre Fender e Gibson.<\/p>\n<ul>\n<li>Le screpolature si verificano alcuni giorni dopo l&#8217;applicazione del prodotto.<\/li>\n<li>Se si desidera una screpolatura pi\u00f9 marcata, \u00e8 possibile ottenerla con maggiori variazioni di temperatura sulla superficie della chitarra.<\/li>\n<li>Si consiglia di abbinare un rapporto di 40% <a href=\"https:\/\/nitorlack.nitorlack.com\/it\/barniz\/finiture\/nitrocellulosa-it-4\/nitorlack-lacquer-gloss-2\/\">Lacquer gloss<\/a> e 10-15% <a href=\"https:\/\/nitorlack.nitorlack.com\/it\/barniz\/solventi\/solventi-it\/solvent-medium-copiar\/\">solvente<\/a>, per ottenere una screpolatura meno &#8220;aggressiva&#8221;. All&#8217;aumentare del rapporto Relic, la screpolatura diventer\u00e0 pi\u00f9 pronunciata e profonda.<\/li>\n<li>Per esaltare le crepe e l&#8217;aspetto invecchiato, si consiglia di combinarlo con <a href=\"https:\/\/nitorlack.nitorlack.com\/it\/barniz\/accesori\/relic-patina-it\/relic-patina\/\">Relic Patina.<\/a><\/li>\n<\/ul>\n<p>&nbsp;<\/p>\n<p>Disponibile in spray e in bomboletta.<\/p>\n","protected":false},"featured_media":59019,"comment_status":"open","ping_status":"closed","template":"","meta":{"om_disable_all_campaigns":false,"site-sidebar-layout":"default","site-content-layout":"default","ast-site-content-layout":"default","site-content-style":"default","site-sidebar-style":"default","ast-global-header-display":"","ast-banner-title-visibility":"","ast-main-header-display":"","ast-hfb-above-header-display":"","ast-hfb-below-header-display":"","ast-hfb-mobile-header-display":"","site-post-title":"","ast-breadcrumbs-content":"","ast-featured-img":"","footer-sml-layout":"","ast-disable-related-posts":"","theme-transparent-header-meta":"default","adv-header-id-meta":"","stick-header-meta":"default","header-above-stick-meta":"","header-main-stick-meta":"","header-below-stick-meta":"","astra-migrate-meta-layouts":"default","ast-page-background-enabled":"default","ast-page-background-meta":{"desktop":{"background-color":"var(--ast-global-color-4)","background-image":"","background-repeat":"repeat","background-position":"center center","background-size":"auto","background-attachment":"scroll","background-type":"","background-media":"","overlay-type":"","overlay-color":"","overlay-opacity":"","overlay-gradient":""},"tablet":{"background-color":"","background-image":"","background-repeat":"repeat","background-position":"center center","background-size":"auto","background-attachment":"scroll","background-type":"","background-media":"","overlay-type":"","overlay-color":"","overlay-opacity":"","overlay-gradient":""},"mobile":{"background-color":"","background-image":"","background-repeat":"repeat","background-position":"center center","background-size":"auto","background-attachment":"scroll","background-type":"","background-media":"","overlay-type":"","overlay-color":"","overlay-opacity":"","overlay-gradient":""}},"ast-content-background-meta":{"desktop":{"background-color":"var(--ast-global-color-5)","background-image":"","background-repeat":"repeat","background-position":"center center","background-size":"auto","background-attachment":"scroll","background-type":"","background-media":"","overlay-type":"","overlay-color":"","overlay-opacity":"","overlay-gradient":""},"tablet":{"background-color":"var(--ast-global-color-5)","background-image":"","background-repeat":"repeat","background-position":"center center","background-size":"auto","background-attachment":"scroll","background-type":"","background-media":"","overlay-type":"","overlay-color":"","overlay-opacity":"","overlay-gradient":""},"mobile":{"background-color":"var(--ast-global-color-5)","background-image":"","background-repeat":"repeat","background-position":"center center","background-size":"auto","background-attachment":"scroll","background-type":"","background-media":"","overlay-type":"","overlay-color":"","overlay-opacity":"","overlay-gradient":""}}},"product_brand":[],"product_cat":[284],"product_tag":[],"class_list":{"0":"post-23913","1":"product","2":"type-product","3":"status-publish","4":"has-post-thumbnail","6":"product_cat-nitrocellulosa-it-4","7":"desktop-align-center","8":"tablet-align-center","9":"mobile-align-center","10":"ast-product-gallery-layout-horizontal-slider","11":"ast-product-single-variable","12":"ast-product-tabs-layout-horizontal","14":"first","15":"instock","16":"taxable","17":"shipping-taxable","18":"purchasable","19":"product-type-variable"},"bundled_by":[],"bundle_stock_status":"instock","bundle_stock_quantity":null,"bundle_virtual":false,"bundle_layout":"","bundle_add_to_cart_form_location":"","bundle_editable_in_cart":false,"bundle_sold_individually_context":"","bundle_item_grouping":"","bundle_min_size":"","bundle_max_size":"","bundle_price":[],"bundled_items":[],"bundle_sell_ids":[66294],"yoast_head":"<!-- This site is optimized with the Yoast SEO plugin v27.6 - https:\/\/yoast.com\/product\/yoast-seo-wordpress\/ -->\n<title>NITORLACK RELIC GLOSS | Vernice Effetto Vintage<\/title>\n<meta name=\"description\" content=\"Vernice nitro progettata per ottenere un effetto relic sulla chitarra. Questa vernice si screpola facilmente pochi giorni dopo l&#039;applicazione.\" \/>\n<meta name=\"robots\" content=\"noindex, follow, max-snippet:-1, max-image-preview:large, max-video-preview:-1\" \/>\n<meta property=\"og:locale\" content=\"it_IT\" \/>\n<meta property=\"og:type\" content=\"article\" \/>\n<meta property=\"og:title\" content=\"NITORLACK RELIC GLOSS | Vernice Effetto Vintage\" \/>\n<meta property=\"og:description\" content=\"Vernice nitro progettata per ottenere un effetto relic sulla chitarra. Questa vernice si screpola facilmente pochi giorni dopo l&#039;applicazione.\" \/>\n<meta property=\"og:url\" content=\"https:\/\/nitorlack.nitorlack.com\/it\/barniz\/finiture\/nitrocellulosa-it-4\/nitorlack-relic-gloss\/\" \/>\n<meta property=\"og:site_name\" content=\"Nitorlack\" \/>\n<meta property=\"article:modified_time\" content=\"2025-03-02T16:28:04+00:00\" \/>\n<meta property=\"og:image\" content=\"https:\/\/nitorlack.nitorlack.com\/wp-content\/uploads\/2022\/05\/DSC00276-baja.jpg\" \/>\n\t<meta property=\"og:image:width\" content=\"1000\" \/>\n\t<meta property=\"og:image:height\" content=\"1000\" \/>\n\t<meta property=\"og:image:type\" content=\"image\/jpeg\" \/>\n<meta name=\"twitter:card\" content=\"summary_large_image\" \/>\n<meta name=\"twitter:label1\" content=\"Tempo di lettura stimato\" \/>\n\t<meta name=\"twitter:data1\" content=\"1 minuto\" \/>\n<script type=\"application\/ld+json\" class=\"yoast-schema-graph\">{\"@context\":\"https:\\\/\\\/schema.org\",\"@graph\":[{\"@type\":\"WebPage\",\"@id\":\"https:\\\/\\\/nitorlack.nitorlack.com\\\/it\\\/barniz\\\/finiture\\\/nitrocellulosa-it-4\\\/nitorlack-relic-gloss\\\/\",\"url\":\"https:\\\/\\\/nitorlack.nitorlack.com\\\/it\\\/barniz\\\/finiture\\\/nitrocellulosa-it-4\\\/nitorlack-relic-gloss\\\/\",\"name\":\"NITORLACK RELIC GLOSS | Vernice Effetto Vintage\",\"isPartOf\":{\"@id\":\"https:\\\/\\\/nitorlack.nitorlack.com\\\/it\\\/#website\"},\"primaryImageOfPage\":{\"@id\":\"https:\\\/\\\/nitorlack.nitorlack.com\\\/it\\\/barniz\\\/finiture\\\/nitrocellulosa-it-4\\\/nitorlack-relic-gloss\\\/#primaryimage\"},\"image\":{\"@id\":\"https:\\\/\\\/nitorlack.nitorlack.com\\\/it\\\/barniz\\\/finiture\\\/nitrocellulosa-it-4\\\/nitorlack-relic-gloss\\\/#primaryimage\"},\"thumbnailUrl\":\"https:\\\/\\\/nitorlack.nitorlack.com\\\/wp-content\\\/uploads\\\/2022\\\/05\\\/DSC00276-baja.jpg\",\"datePublished\":\"2019-03-27T08:19:14+00:00\",\"dateModified\":\"2025-03-02T16:28:04+00:00\",\"description\":\"Vernice nitro progettata per ottenere un effetto relic sulla chitarra. Questa vernice si screpola facilmente pochi giorni dopo l'applicazione.\",\"breadcrumb\":{\"@id\":\"https:\\\/\\\/nitorlack.nitorlack.com\\\/it\\\/barniz\\\/finiture\\\/nitrocellulosa-it-4\\\/nitorlack-relic-gloss\\\/#breadcrumb\"},\"inLanguage\":\"it-IT\",\"potentialAction\":[{\"@type\":\"ReadAction\",\"target\":[\"https:\\\/\\\/nitorlack.nitorlack.com\\\/it\\\/barniz\\\/finiture\\\/nitrocellulosa-it-4\\\/nitorlack-relic-gloss\\\/\"]}]},{\"@type\":\"ImageObject\",\"inLanguage\":\"it-IT\",\"@id\":\"https:\\\/\\\/nitorlack.nitorlack.com\\\/it\\\/barniz\\\/finiture\\\/nitrocellulosa-it-4\\\/nitorlack-relic-gloss\\\/#primaryimage\",\"url\":\"https:\\\/\\\/nitorlack.nitorlack.com\\\/wp-content\\\/uploads\\\/2022\\\/05\\\/DSC00276-baja.jpg\",\"contentUrl\":\"https:\\\/\\\/nitorlack.nitorlack.com\\\/wp-content\\\/uploads\\\/2022\\\/05\\\/DSC00276-baja.jpg\",\"width\":1000,\"height\":1000,\"caption\":\"relic guitar\"},{\"@type\":\"BreadcrumbList\",\"@id\":\"https:\\\/\\\/nitorlack.nitorlack.com\\\/it\\\/barniz\\\/finiture\\\/nitrocellulosa-it-4\\\/nitorlack-relic-gloss\\\/#breadcrumb\",\"itemListElement\":[{\"@type\":\"ListItem\",\"position\":1,\"name\":\"Copertina\",\"item\":\"https:\\\/\\\/nitorlack.nitorlack.com\\\/it\\\/\"},{\"@type\":\"ListItem\",\"position\":2,\"name\":\"Negozio\",\"item\":\"https:\\\/\\\/nitorlack.nitorlack.com\\\/it\\\/negozio\\\/\"},{\"@type\":\"ListItem\",\"position\":3,\"name\":\"NITORLACK RELIC GLOSS\"}]},{\"@type\":\"WebSite\",\"@id\":\"https:\\\/\\\/nitorlack.nitorlack.com\\\/it\\\/#website\",\"url\":\"https:\\\/\\\/nitorlack.nitorlack.com\\\/it\\\/\",\"name\":\"Nitorlack\",\"description\":\"Guitar Lacquers\",\"publisher\":{\"@id\":\"https:\\\/\\\/nitorlack.nitorlack.com\\\/it\\\/#organization\"},\"potentialAction\":[{\"@type\":\"SearchAction\",\"target\":{\"@type\":\"EntryPoint\",\"urlTemplate\":\"https:\\\/\\\/nitorlack.nitorlack.com\\\/it\\\/?s={search_term_string}\"},\"query-input\":{\"@type\":\"PropertyValueSpecification\",\"valueRequired\":true,\"valueName\":\"search_term_string\"}}],\"inLanguage\":\"it-IT\"},{\"@type\":\"Organization\",\"@id\":\"https:\\\/\\\/nitorlack.nitorlack.com\\\/it\\\/#organization\",\"name\":\"Nitorlack\",\"url\":\"https:\\\/\\\/nitorlack.nitorlack.com\\\/it\\\/\",\"logo\":{\"@type\":\"ImageObject\",\"inLanguage\":\"it-IT\",\"@id\":\"https:\\\/\\\/nitorlack.nitorlack.com\\\/it\\\/#\\\/schema\\\/logo\\\/image\\\/\",\"url\":\"http:\\\/\\\/nitorlack.nitorlack.com\\\/wp-content\\\/uploads\\\/2016\\\/02\\\/cropped-galleta-negra-1.jpg\",\"contentUrl\":\"http:\\\/\\\/nitorlack.nitorlack.com\\\/wp-content\\\/uploads\\\/2016\\\/02\\\/cropped-galleta-negra-1.jpg\",\"width\":512,\"height\":512,\"caption\":\"Nitorlack\"},\"image\":{\"@id\":\"https:\\\/\\\/nitorlack.nitorlack.com\\\/it\\\/#\\\/schema\\\/logo\\\/image\\\/\"}}]}<\/script>\n<!-- \/ Yoast SEO plugin. -->","yoast_head_json":{"title":"NITORLACK RELIC GLOSS | Vernice Effetto Vintage","description":"Vernice nitro progettata per ottenere un effetto relic sulla chitarra. Questa vernice si screpola facilmente pochi giorni dopo l'applicazione.","robots":{"index":"noindex","follow":"follow","max-snippet":"max-snippet:-1","max-image-preview":"max-image-preview:large","max-video-preview":"max-video-preview:-1"},"og_locale":"it_IT","og_type":"article","og_title":"NITORLACK RELIC GLOSS | Vernice Effetto Vintage","og_description":"Vernice nitro progettata per ottenere un effetto relic sulla chitarra. Questa vernice si screpola facilmente pochi giorni dopo l'applicazione.","og_url":"https:\/\/nitorlack.nitorlack.com\/it\/barniz\/finiture\/nitrocellulosa-it-4\/nitorlack-relic-gloss\/","og_site_name":"Nitorlack","article_modified_time":"2025-03-02T16:28:04+00:00","og_image":[{"width":1000,"height":1000,"url":"https:\/\/nitorlack.nitorlack.com\/wp-content\/uploads\/2022\/05\/DSC00276-baja.jpg","type":"image\/jpeg"}],"twitter_card":"summary_large_image","twitter_misc":{"Tempo di lettura stimato":"1 minuto"},"schema":{"@context":"https:\/\/schema.org","@graph":[{"@type":"WebPage","@id":"https:\/\/nitorlack.nitorlack.com\/it\/barniz\/finiture\/nitrocellulosa-it-4\/nitorlack-relic-gloss\/","url":"https:\/\/nitorlack.nitorlack.com\/it\/barniz\/finiture\/nitrocellulosa-it-4\/nitorlack-relic-gloss\/","name":"NITORLACK RELIC GLOSS | Vernice Effetto Vintage","isPartOf":{"@id":"https:\/\/nitorlack.nitorlack.com\/it\/#website"},"primaryImageOfPage":{"@id":"https:\/\/nitorlack.nitorlack.com\/it\/barniz\/finiture\/nitrocellulosa-it-4\/nitorlack-relic-gloss\/#primaryimage"},"image":{"@id":"https:\/\/nitorlack.nitorlack.com\/it\/barniz\/finiture\/nitrocellulosa-it-4\/nitorlack-relic-gloss\/#primaryimage"},"thumbnailUrl":"https:\/\/nitorlack.nitorlack.com\/wp-content\/uploads\/2022\/05\/DSC00276-baja.jpg","datePublished":"2019-03-27T08:19:14+00:00","dateModified":"2025-03-02T16:28:04+00:00","description":"Vernice nitro progettata per ottenere un effetto relic sulla chitarra. Questa vernice si screpola facilmente pochi giorni dopo l'applicazione.","breadcrumb":{"@id":"https:\/\/nitorlack.nitorlack.com\/it\/barniz\/finiture\/nitrocellulosa-it-4\/nitorlack-relic-gloss\/#breadcrumb"},"inLanguage":"it-IT","potentialAction":[{"@type":"ReadAction","target":["https:\/\/nitorlack.nitorlack.com\/it\/barniz\/finiture\/nitrocellulosa-it-4\/nitorlack-relic-gloss\/"]}]},{"@type":"ImageObject","inLanguage":"it-IT","@id":"https:\/\/nitorlack.nitorlack.com\/it\/barniz\/finiture\/nitrocellulosa-it-4\/nitorlack-relic-gloss\/#primaryimage","url":"https:\/\/nitorlack.nitorlack.com\/wp-content\/uploads\/2022\/05\/DSC00276-baja.jpg","contentUrl":"https:\/\/nitorlack.nitorlack.com\/wp-content\/uploads\/2022\/05\/DSC00276-baja.jpg","width":1000,"height":1000,"caption":"relic guitar"},{"@type":"BreadcrumbList","@id":"https:\/\/nitorlack.nitorlack.com\/it\/barniz\/finiture\/nitrocellulosa-it-4\/nitorlack-relic-gloss\/#breadcrumb","itemListElement":[{"@type":"ListItem","position":1,"name":"Copertina","item":"https:\/\/nitorlack.nitorlack.com\/it\/"},{"@type":"ListItem","position":2,"name":"Negozio","item":"https:\/\/nitorlack.nitorlack.com\/it\/negozio\/"},{"@type":"ListItem","position":3,"name":"NITORLACK RELIC GLOSS"}]},{"@type":"WebSite","@id":"https:\/\/nitorlack.nitorlack.com\/it\/#website","url":"https:\/\/nitorlack.nitorlack.com\/it\/","name":"Nitorlack","description":"Guitar Lacquers","publisher":{"@id":"https:\/\/nitorlack.nitorlack.com\/it\/#organization"},"potentialAction":[{"@type":"SearchAction","target":{"@type":"EntryPoint","urlTemplate":"https:\/\/nitorlack.nitorlack.com\/it\/?s={search_term_string}"},"query-input":{"@type":"PropertyValueSpecification","valueRequired":true,"valueName":"search_term_string"}}],"inLanguage":"it-IT"},{"@type":"Organization","@id":"https:\/\/nitorlack.nitorlack.com\/it\/#organization","name":"Nitorlack","url":"https:\/\/nitorlack.nitorlack.com\/it\/","logo":{"@type":"ImageObject","inLanguage":"it-IT","@id":"https:\/\/nitorlack.nitorlack.com\/it\/#\/schema\/logo\/image\/","url":"http:\/\/nitorlack.nitorlack.com\/wp-content\/uploads\/2016\/02\/cropped-galleta-negra-1.jpg","contentUrl":"http:\/\/nitorlack.nitorlack.com\/wp-content\/uploads\/2016\/02\/cropped-galleta-negra-1.jpg","width":512,"height":512,"caption":"Nitorlack"},"image":{"@id":"https:\/\/nitorlack.nitorlack.com\/it\/#\/schema\/logo\/image\/"}}]}},"_links":{"self":[{"href":"https:\/\/nitorlack.nitorlack.com\/it\/wp-json\/wp\/v2\/product\/23913","targetHints":{"allow":["GET"]}}],"collection":[{"href":"https:\/\/nitorlack.nitorlack.com\/it\/wp-json\/wp\/v2\/product"}],"about":[{"href":"https:\/\/nitorlack.nitorlack.com\/it\/wp-json\/wp\/v2\/types\/product"}],"replies":[{"embeddable":true,"href":"https:\/\/nitorlack.nitorlack.com\/it\/wp-json\/wp\/v2\/comments?post=23913"}],"wp:featuredmedia":[{"embeddable":true,"href":"https:\/\/nitorlack.nitorlack.com\/it\/wp-json\/wp\/v2\/media\/59019"}],"wp:attachment":[{"href":"https:\/\/nitorlack.nitorlack.com\/it\/wp-json\/wp\/v2\/media?parent=23913"}],"wp:term":[{"taxonomy":"product_brand","embeddable":true,"href":"https:\/\/nitorlack.nitorlack.com\/it\/wp-json\/wp\/v2\/product_brand?post=23913"},{"taxonomy":"product_cat","embeddable":true,"href":"https:\/\/nitorlack.nitorlack.com\/it\/wp-json\/wp\/v2\/product_cat?post=23913"},{"taxonomy":"product_tag","embeddable":true,"href":"https:\/\/nitorlack.nitorlack.com\/it\/wp-json\/wp\/v2\/product_tag?post=23913"}],"curies":[{"name":"wp","href":"https:\/\/api.w.org\/{rel}","templated":true}]}}